{"id":15,"date":"2024-07-11T09:45:36","date_gmt":"2024-07-11T09:45:36","guid":{"rendered":"https:\/\/stemoktatas.hu\/?page_id=15"},"modified":"2024-07-11T10:21:31","modified_gmt":"2024-07-11T10:21:31","slug":"fooldal","status":"publish","type":"page","link":"https:\/\/stemoktatas.hu\/","title":{"rendered":"F\u0151oldal"},"content":{"rendered":"\n<div class=\"wp-block-cover alignfull is-light hestia-clear-top-padding\" style=\"min-height:457px;aspect-ratio:unset;\"><span aria-hidden=\"true\" class=\"wp-block-cover__background has-white-background-color has-background-dim-100 has-background-dim\"><\/span><div class=\"wp-block-cover__inner-container is-layout-flow wp-block-cover-is-layout-flow\">\n<div style=\"height:0px\" aria-hidden=\"true\" class=\"wp-block-spacer\"><\/div>\n\n\n\n<div class=\"wp-block-columns container is-layout-flex wp-container-core-columns-is-layout-9d6595d7 wp-block-columns-is-layout-flex\">\n<div class=\"wp-block-column is-layout-flow wp-block-column-is-layout-flow\"><div class=\"wp-block-image\">\n<figure class=\"aligncenter size-large\"><a href=\"https:\/\/stemoktatas.hu\/?page_id=53\"><img decoding=\"async\" src=\"https:\/\/stemoktatas.hu\/wp-content\/themes\/hestia\/assets\/img\/feat1.png\" alt=\"\" class=\"wp-image-70\"\/><\/a><\/figure>\n<\/div>\n\n\n<h5 class=\"wp-block-heading has-text-align-center has-text-color\" style=\"color:#3c4858;font-size:18px\">Oktat\u00e1s<\/h5>\n\n\n\n<p class=\"has-text-align-center has-text-color\" style=\"color:#999999;font-size:14px\">A korrepet\u00e1l\u00e1st\u00f3l eg\u00e9szen a felv\u00e9teli felk\u00e9sz\u00edt\u00e9sig foglalkozunk oktat\u00e1ssal. Oktat\u00e1saink sor\u00e1n tal\u00e1l olyan szakk\u00f6r\u00f6ket is, amelyek a STEM t\u00e9mak\u00f6reit t\u00e1rgyalj\u00e1k \u00e9s mutatj\u00e1k be a r\u00e9sztvev\u0151knek..<\/p>\n\n\n\n<div style=\"height:25px\" aria-hidden=\"true\" class=\"wp-block-spacer\"><\/div>\n<\/div>\n\n\n\n<div class=\"wp-block-column is-layout-flow wp-block-column-is-layout-flow\"><div class=\"wp-block-image\">\n<figure class=\"aligncenter size-large\"><a href=\"https:\/\/stemoktatas.hu\/?page_id=17\"><img decoding=\"async\" src=\"https:\/\/stemoktatas.hu\/wp-content\/themes\/hestia\/assets\/img\/feat2.png\" alt=\"\" class=\"wp-image-71\"\/><\/a><\/figure>\n<\/div>\n\n\n<h5 class=\"wp-block-heading has-text-align-center has-text-color\" style=\"color:#3c4858;font-size:18px\">Blog<\/h5>\n\n\n\n<p class=\"has-text-align-center has-text-color\" style=\"color:#999999;font-size:14px\">Hol tart ma a term\u00e9szettudom\u00e1nyos t\u00e9mak\u00f6r\u00f6k oktat\u00e1sa? Milyen pedag\u00f3gia m\u00f3dszerek vannak a k\u00fcl\u00f6nb\u00f6z\u0151 t\u00e9m\u00e1k feldolgoz\u00e1s\u00e1ra? Olvass ut\u00e1na a Blog-ban!<\/p>\n\n\n\n<div style=\"height:25px\" aria-hidden=\"true\" class=\"wp-block-spacer\"><\/div>\n<\/div>\n\n\n\n<div class=\"wp-block-column is-layout-flow wp-block-column-is-layout-flow\"><div class=\"wp-block-image\">\n<figure class=\"aligncenter size-large\"><a href=\"https:\/\/stemoktatas.hu\/?page_id=16\"><img decoding=\"async\" src=\"https:\/\/stemoktatas.hu\/wp-content\/themes\/hestia\/assets\/img\/feat3.png\" alt=\"\" class=\"wp-image-72\"\/><\/a><\/figure>\n<\/div>\n\n\n<h5 class=\"wp-block-heading has-text-align-center has-text-color\" style=\"color:#3c4858;font-size:18px\">Kapcsolat<\/h5>\n\n\n\n<p class=\"has-text-align-center has-text-color\" style=\"color:#999999;font-size:14px\">Oktat\u00e1sra j\u00f6nn\u00e9l? Esetleg k\u00e9rd\u00e9sed van? Ne habozz, keress minket b\u00e1tran!.<\/p>\n\n\n\n<div style=\"height:25px\" aria-hidden=\"true\" class=\"wp-block-spacer\"><\/div>\n<\/div>\n<\/div>\n\n\n\n<div style=\"height:40px\" aria-hidden=\"true\" class=\"wp-block-spacer\"><\/div>\n<\/div><\/div>\n\n\n\n<div class=\"wp-block-columns container is-layout-flex wp-container-core-columns-is-layout-9d6595d7 wp-block-columns-is-layout-flex\"><\/div>\n","protected":false},"excerpt":{"rendered":"","protected":false},"author":1,"featured_media":0,"parent":0,"menu_order":0,"comment_status":"closed","ping_status":"closed","template":"","meta":{"footnotes":""},"class_list":["post-15","page","type-page","status-publish","hentry"],"_links":{"self":[{"href":"https:\/\/stemoktatas.hu\/index.php?rest_route=\/wp\/v2\/pages\/15","targetHints":{"allow":["GET"]}}],"collection":[{"href":"https:\/\/stemoktatas.hu\/index.php?rest_route=\/wp\/v2\/pages"}],"about":[{"href":"https:\/\/stemoktatas.hu\/index.php?rest_route=\/wp\/v2\/types\/page"}],"author":[{"embeddable":true,"href":"https:\/\/stemoktatas.hu\/index.php?rest_route=\/wp\/v2\/users\/1"}],"replies":[{"embeddable":true,"href":"https:\/\/stemoktatas.hu\/index.php?rest_route=%2Fwp%2Fv2%2Fcomments&post=15"}],"version-history":[{"count":6,"href":"https:\/\/stemoktatas.hu\/index.php?rest_route=\/wp\/v2\/pages\/15\/revisions"}],"predecessor-version":[{"id":58,"href":"https:\/\/stemoktatas.hu\/index.php?rest_route=\/wp\/v2\/pages\/15\/revisions\/58"}],"wp:attachment":[{"href":"https:\/\/stemoktatas.hu\/index.php?rest_route=%2Fwp%2Fv2%2Fmedia&parent=15"}],"curies":[{"name":"wp","href":"https:\/\/api.w.org\/{rel}","templated":true}]}}