{"id":16,"date":"2024-07-11T09:45:36","date_gmt":"2024-07-11T09:45:36","guid":{"rendered":"https:\/\/stemoktatas.hu\/?page_id=16"},"modified":"2024-07-11T10:23:44","modified_gmt":"2024-07-11T10:23:44","slug":"kapcsolat","status":"publish","type":"page","link":"https:\/\/stemoktatas.hu\/?page_id=16","title":{"rendered":"Kapcsolat"},"content":{"rendered":"\n<div class=\"wp-block-columns is-layout-flex wp-container-core-columns-is-layout-9d6595d7 wp-block-columns-is-layout-flex\">\n<div class=\"wp-block-column is-layout-flow wp-block-column-is-layout-flow\" style=\"flex-basis:100%\">\n<div class=\"wp-block-group alignfull\"><div class=\"wp-block-group__inner-container is-layout-constrained wp-block-group-is-layout-constrained\">\n<div class=\"wp-block-columns alignfull are-vertically-aligned-center is-layout-flex wp-container-core-columns-is-layout-9d6595d7 wp-block-columns-is-layout-flex\">\n<div class=\"wp-block-column is-vertically-aligned-center is-layout-flow wp-block-column-is-layout-flow\" style=\"flex-basis:300px\">\n<h4 class=\"wp-block-heading has-text-align-center hestia-title has-text-color\" style=\"color:#3c4858;font-size:18px\"><\/h4>\n\n\n\n<div class=\"wp-block-group is-vertical is-content-justification-center is-layout-flex wp-container-core-group-is-layout-4b2eccd6 wp-block-group-is-layout-flex\">\n<h4 class=\"wp-block-heading has-text-align-center hestia-title has-text-color\" style=\"color:#3c4858;font-size:18px\"><strong>Moln\u00e1r Istv\u00e1<\/strong>n<br><\/h4>\n\n\n\n<p class=\"has-text-align-center\">+36 (30) 552-2707<\/p>\n\n\n\n<p class=\"has-text-align-center\">Oroszl\u00e1ny<br>N\u00e9pekbar\u00e1ts\u00e1ga u. 13<\/p>\n\n\n\n<p class=\"has-text-align-center\">admin@stemoktatas.hu<\/p>\n<\/div>\n<\/div>\n<\/div>\n<\/div><\/div>\n<\/div>\n<\/div>\n\n\n\n<p><\/p>\n\n\n\n<p><\/p>\n","protected":false},"excerpt":{"rendered":"<p>Moln\u00e1r Istv\u00e1n +36 (30) 552-2707 Oroszl\u00e1nyN\u00e9pekbar\u00e1ts\u00e1ga u. 13 admin@stemoktatas.hu<\/p>\n","protected":false},"author":1,"featured_media":0,"parent":0,"menu_order":0,"comment_status":"closed","ping_status":"closed","template":"page-templates\/template-pagebuilder-full-width.php","meta":{"footnotes":""},"class_list":["post-16","page","type-page","status-publish","hentry"],"_links":{"self":[{"href":"https:\/\/stemoktatas.hu\/index.php?rest_route=\/wp\/v2\/pages\/16","targetHints":{"allow":["GET"]}}],"collection":[{"href":"https:\/\/stemoktatas.hu\/index.php?rest_route=\/wp\/v2\/pages"}],"about":[{"href":"https:\/\/stemoktatas.hu\/index.php?rest_route=\/wp\/v2\/types\/page"}],"author":[{"embeddable":true,"href":"https:\/\/stemoktatas.hu\/index.php?rest_route=\/wp\/v2\/users\/1"}],"replies":[{"embeddable":true,"href":"https:\/\/stemoktatas.hu\/index.php?rest_route=%2Fwp%2Fv2%2Fcomments&post=16"}],"version-history":[{"count":9,"href":"https:\/\/stemoktatas.hu\/index.php?rest_route=\/wp\/v2\/pages\/16\/revisions"}],"predecessor-version":[{"id":59,"href":"https:\/\/stemoktatas.hu\/index.php?rest_route=\/wp\/v2\/pages\/16\/revisions\/59"}],"wp:attachment":[{"href":"https:\/\/stemoktatas.hu\/index.php?rest_route=%2Fwp%2Fv2%2Fmedia&parent=16"}],"curies":[{"name":"wp","href":"https:\/\/api.w.org\/{rel}","templated":true}]}}